{"id":17,"date":"2023-09-19T21:31:19","date_gmt":"2023-09-19T19:31:19","guid":{"rendered":"https:\/\/www.medical-aesthetics-nuernberg.de\/?page_id=17"},"modified":"2025-03-29T08:05:04","modified_gmt":"2025-03-29T07:05:04","slug":"praxis","status":"publish","type":"page","link":"https:\/\/www.medical-aesthetics-nuernberg.de\/en\/praxis\/","title":{"rendered":"Praxis"},"content":{"rendered":"\n<div class=\"wp-block-group alignfull\" id=\"headerSlider\"><div class=\"wp-block-group__inner-container is-layout-constrained wp-block-group-is-layout-constrained\">\n<figure class=\"wp-block-image size-full\"><img decoding=\"async\" width=\"1500\" height=\"700\" src=\"https:\/\/www.medical-aesthetics-nuernberg.de\/wp-content\/uploads\/2025\/03\/file2022-01-19-17-23-30max_220118_58-jpg-1500x700-1.jpg\" alt=\"\" class=\"wp-image-2082\" srcset=\"https:\/\/www.medical-aesthetics-nuernberg.de\/wp-content\/uploads\/2025\/03\/file2022-01-19-17-23-30max_220118_58-jpg-1500x700-1.jpg 1500w, https:\/\/www.medical-aesthetics-nuernberg.de\/wp-content\/uploads\/2025\/03\/file2022-01-19-17-23-30max_220118_58-jpg-1500x700-1-300x140.jpg 300w, https:\/\/www.medical-aesthetics-nuernberg.de\/wp-content\/uploads\/2025\/03\/file2022-01-19-17-23-30max_220118_58-jpg-1500x700-1-1024x478.jpg 1024w, https:\/\/www.medical-aesthetics-nuernberg.de\/wp-content\/uploads\/2025\/03\/file2022-01-19-17-23-30max_220118_58-jpg-1500x700-1-768x358.jpg 768w\" sizes=\"(max-width: 1500px) 100vw, 1500px\" \/><\/figure>\n\n\n\n<figure class=\"wp-block-image size-full\"><img decoding=\"async\" width=\"1500\" height=\"700\" src=\"https:\/\/www.medical-aesthetics-nuernberg.de\/wp-content\/uploads\/2023\/09\/file2022-01-19-17-23-51max_220118_61-jpg-1500x700-1.jpg\" alt=\"\" class=\"wp-image-99\" srcset=\"https:\/\/www.medical-aesthetics-nuernberg.de\/wp-content\/uploads\/2023\/09\/file2022-01-19-17-23-51max_220118_61-jpg-1500x700-1.jpg 1500w, https:\/\/www.medical-aesthetics-nuernberg.de\/wp-content\/uploads\/2023\/09\/file2022-01-19-17-23-51max_220118_61-jpg-1500x700-1-300x140.jpg 300w, https:\/\/www.medical-aesthetics-nuernberg.de\/wp-content\/uploads\/2023\/09\/file2022-01-19-17-23-51max_220118_61-jpg-1500x700-1-1024x478.jpg 1024w, https:\/\/www.medical-aesthetics-nuernberg.de\/wp-content\/uploads\/2023\/09\/file2022-01-19-17-23-51max_220118_61-jpg-1500x700-1-768x358.jpg 768w\" sizes=\"(max-width: 1500px) 100vw, 1500px\" \/><\/figure>\n\n\n\n<figure class=\"wp-block-image size-full\"><img decoding=\"async\" width=\"1500\" height=\"700\" src=\"https:\/\/www.medical-aesthetics-nuernberg.de\/wp-content\/uploads\/2025\/03\/115-long.jpg\" alt=\"\" class=\"wp-image-2085\" srcset=\"https:\/\/www.medical-aesthetics-nuernberg.de\/wp-content\/uploads\/2025\/03\/115-long.jpg 1500w, https:\/\/www.medical-aesthetics-nuernberg.de\/wp-content\/uploads\/2025\/03\/115-long-300x140.jpg 300w, https:\/\/www.medical-aesthetics-nuernberg.de\/wp-content\/uploads\/2025\/03\/115-long-1024x478.jpg 1024w, https:\/\/www.medical-aesthetics-nuernberg.de\/wp-content\/uploads\/2025\/03\/115-long-768x358.jpg 768w\" sizes=\"(max-width: 1500px) 100vw, 1500px\" \/><\/figure>\n\n\n\n<figure class=\"wp-block-image size-full\"><img decoding=\"async\" width=\"1500\" height=\"700\" src=\"https:\/\/www.medical-aesthetics-nuernberg.de\/wp-content\/uploads\/2023\/09\/file2022-01-19-17-23-47max_220118_65-jpg-1500x700-1.jpg\" alt=\"\" class=\"wp-image-98\" srcset=\"https:\/\/www.medical-aesthetics-nuernberg.de\/wp-content\/uploads\/2023\/09\/file2022-01-19-17-23-47max_220118_65-jpg-1500x700-1.jpg 1500w, https:\/\/www.medical-aesthetics-nuernberg.de\/wp-content\/uploads\/2023\/09\/file2022-01-19-17-23-47max_220118_65-jpg-1500x700-1-300x140.jpg 300w, https:\/\/www.medical-aesthetics-nuernberg.de\/wp-content\/uploads\/2023\/09\/file2022-01-19-17-23-47max_220118_65-jpg-1500x700-1-1024x478.jpg 1024w, https:\/\/www.medical-aesthetics-nuernberg.de\/wp-content\/uploads\/2023\/09\/file2022-01-19-17-23-47max_220118_65-jpg-1500x700-1-768x358.jpg 768w\" sizes=\"(max-width: 1500px) 100vw, 1500px\" \/><\/figure>\n\n\n\n<figure class=\"wp-block-image size-full\"><img decoding=\"async\" width=\"1500\" height=\"700\" src=\"https:\/\/www.medical-aesthetics-nuernberg.de\/wp-content\/uploads\/2023\/09\/file2022-01-21-10-00-10img_0399_copy_copy-jpg-1500x700-1.jpg\" alt=\"\" class=\"wp-image-101\" srcset=\"https:\/\/www.medical-aesthetics-nuernberg.de\/wp-content\/uploads\/2023\/09\/file2022-01-21-10-00-10img_0399_copy_copy-jpg-1500x700-1.jpg 1500w, https:\/\/www.medical-aesthetics-nuernberg.de\/wp-content\/uploads\/2023\/09\/file2022-01-21-10-00-10img_0399_copy_copy-jpg-1500x700-1-300x140.jpg 300w, https:\/\/www.medical-aesthetics-nuernberg.de\/wp-content\/uploads\/2023\/09\/file2022-01-21-10-00-10img_0399_copy_copy-jpg-1500x700-1-1024x478.jpg 1024w, https:\/\/www.medical-aesthetics-nuernberg.de\/wp-content\/uploads\/2023\/09\/file2022-01-21-10-00-10img_0399_copy_copy-jpg-1500x700-1-768x358.jpg 768w\" sizes=\"(max-width: 1500px) 100vw, 1500px\" \/><\/figure>\n\n\n\n<figure class=\"wp-block-image size-full\"><img decoding=\"async\" width=\"1500\" height=\"700\" src=\"https:\/\/www.medical-aesthetics-nuernberg.de\/wp-content\/uploads\/2025\/03\/113-long.jpg\" alt=\"\" class=\"wp-image-2088\" srcset=\"https:\/\/www.medical-aesthetics-nuernberg.de\/wp-content\/uploads\/2025\/03\/113-long.jpg 1500w, https:\/\/www.medical-aesthetics-nuernberg.de\/wp-content\/uploads\/2025\/03\/113-long-300x140.jpg 300w, https:\/\/www.medical-aesthetics-nuernberg.de\/wp-content\/uploads\/2025\/03\/113-long-1024x478.jpg 1024w, https:\/\/www.medical-aesthetics-nuernberg.de\/wp-content\/uploads\/2025\/03\/113-long-768x358.jpg 768w\" sizes=\"(max-width: 1500px) 100vw, 1500px\" \/><\/figure>\n\n\n\n<figure class=\"wp-block-image size-full\"><img decoding=\"async\" width=\"1500\" height=\"700\" src=\"https:\/\/www.medical-aesthetics-nuernberg.de\/wp-content\/uploads\/2023\/10\/file2022-01-19-17-29-53max_220118_66-jpg-1500x700-1-copy.jpg\" alt=\"\" class=\"wp-image-2040\" srcset=\"https:\/\/www.medical-aesthetics-nuernberg.de\/wp-content\/uploads\/2023\/10\/file2022-01-19-17-29-53max_220118_66-jpg-1500x700-1-copy.jpg 1500w, https:\/\/www.medical-aesthetics-nuernberg.de\/wp-content\/uploads\/2023\/10\/file2022-01-19-17-29-53max_220118_66-jpg-1500x700-1-copy-300x140.jpg 300w, https:\/\/www.medical-aesthetics-nuernberg.de\/wp-content\/uploads\/2023\/10\/file2022-01-19-17-29-53max_220118_66-jpg-1500x700-1-copy-1024x478.jpg 1024w, https:\/\/www.medical-aesthetics-nuernberg.de\/wp-content\/uploads\/2023\/10\/file2022-01-19-17-29-53max_220118_66-jpg-1500x700-1-copy-768x358.jpg 768w\" sizes=\"(max-width: 1500px) 100vw, 1500px\" \/><\/figure>\n<\/div><\/div>\n\n\n\n<div class=\"wp-block-group\"><div class=\"wp-block-group__inner-container is-layout-constrained wp-block-group-is-layout-constrained\">\n<h1 class=\"wp-block-heading has-text-align-center\">Herzlich willkommen bei unseren<br><strong>Praxis\u00adimpressionen<\/strong><\/h1>\n\n\n\n<p class=\"has-text-align-center\">Wir laden Sie herzlich zu einem virtuellen Spaziergang durch unsere Praxis ein.<\/p>\n<\/div><\/div>\n\n\n\n<div class=\"wp-block-group pt-0\"><div class=\"wp-block-group__inner-container is-layout-constrained wp-block-group-is-layout-constrained\"><\/div><\/div>\n","protected":false},"excerpt":{"rendered":"<p>Herzlich willkommen bei unserenPraxis\u00adimpressionen Wir laden Sie herzlich zu einem virtuellen Spaziergang durch unsere Praxis ein.<\/p>\n","protected":false},"author":3,"featured_media":0,"parent":0,"menu_order":0,"comment_status":"closed","ping_status":"closed","template":"","meta":{"footnotes":""},"class_list":["post-17","page","type-page","status-publish"],"featured_image_urls":{"full":"","thumbnail":"","medium":"","medium_large":"","large":"","1536x1536":"","2048x2048":""},"post_excerpt_stackable":"<p>Herzlich willkommen bei unserenPraxis\u00adimpressionen Wir laden Sie herzlich zu einem virtuellen Spaziergang durch unsere Praxis ein.<\/p>\n","category_list":"","author_info":{"name":"Diego Belmonte Hartinger","url":"https:\/\/www.medical-aesthetics-nuernberg.de\/en\/author\/dr-belmonte-hartinger\/"},"comments_num":"0 comments","yoast_head":"<!-- This site is optimized with the Yoast SEO plugin v26.0 - https:\/\/yoast.com\/wordpress\/plugins\/seo\/ -->\n<title>Praxis &amp; Impressionen unserer Praxis | Medical Aesthetics Xperts<\/title>\n<meta name=\"description\" content=\"Medical Aesthetics Xperts - Rundgang durch Ihre Praxis f\u00fcr \u00e4sthetische Medizin und Anti-Aging in N\u00fcrnberg Dr. med. Diego Hartinger.\" \/>\n<meta name=\"robots\" content=\"index, follow, max-snippet:-1, max-image-preview:large, max-video-preview:-1\" \/>\n<link rel=\"canonical\" href=\"https:\/\/www.medical-aesthetics-nuernberg.de\/en\/praxis\/\" \/>\n<meta property=\"og:locale\" content=\"en_US\" \/>\n<meta property=\"og:type\" content=\"article\" \/>\n<meta property=\"og:title\" content=\"Praxis &amp; Impressionen unserer Praxis | Medical Aesthetics Xperts\" \/>\n<meta property=\"og:description\" content=\"Medical Aesthetics Xperts - Rundgang durch Ihre Praxis f\u00fcr \u00e4sthetische Medizin und Anti-Aging in N\u00fcrnberg Dr. med. Diego Hartinger.\" \/>\n<meta property=\"og:url\" content=\"https:\/\/www.medical-aesthetics-nuernberg.de\/en\/praxis\/\" \/>\n<meta property=\"og:site_name\" content=\"Medical Aesthetics Xperts N\u00fcrnberg\" \/>\n<meta property=\"article:publisher\" content=\"https:\/\/www.facebook.com\/max.beauty.nuernberg\/\" \/>\n<meta property=\"article:modified_time\" content=\"2025-03-29T07:05:04+00:00\" \/>\n<meta property=\"og:image\" content=\"https:\/\/www.medical-aesthetics-nuernberg.de\/wp-content\/uploads\/2025\/03\/file2022-01-19-17-23-30max_220118_58-jpg-1500x700-1.jpg\" \/>\n\t<meta property=\"og:image:width\" content=\"1500\" \/>\n\t<meta property=\"og:image:height\" content=\"700\" \/>\n\t<meta property=\"og:image:type\" content=\"image\/jpeg\" \/>\n<meta name=\"twitter:card\" content=\"summary_large_image\" \/>\n<meta name=\"twitter:label1\" content=\"Est. reading time\" \/>\n\t<meta name=\"twitter:data1\" content=\"2 minutes\" \/>\n<!-- \/ Yoast SEO plugin. -->","yoast_head_json":{"title":"Praxis & Impressionen unserer Praxis | Medical Aesthetics Xperts","description":"Medical Aesthetics Xperts - Rundgang durch Ihre Praxis f\u00fcr \u00e4sthetische Medizin und Anti-Aging in N\u00fcrnberg Dr. med. Diego Hartinger.","robots":{"index":"index","follow":"follow","max-snippet":"max-snippet:-1","max-image-preview":"max-image-preview:large","max-video-preview":"max-video-preview:-1"},"canonical":"https:\/\/www.medical-aesthetics-nuernberg.de\/en\/praxis\/","og_locale":"en_US","og_type":"article","og_title":"Praxis & Impressionen unserer Praxis | Medical Aesthetics Xperts","og_description":"Medical Aesthetics Xperts - Rundgang durch Ihre Praxis f\u00fcr \u00e4sthetische Medizin und Anti-Aging in N\u00fcrnberg Dr. med. Diego Hartinger.","og_url":"https:\/\/www.medical-aesthetics-nuernberg.de\/en\/praxis\/","og_site_name":"Medical Aesthetics Xperts N\u00fcrnberg","article_publisher":"https:\/\/www.facebook.com\/max.beauty.nuernberg\/","article_modified_time":"2025-03-29T07:05:04+00:00","og_image":[{"width":1500,"height":700,"url":"https:\/\/www.medical-aesthetics-nuernberg.de\/wp-content\/uploads\/2025\/03\/file2022-01-19-17-23-30max_220118_58-jpg-1500x700-1.jpg","type":"image\/jpeg"}],"twitter_card":"summary_large_image","twitter_misc":{"Est. reading time":"2 minutes"},"schema":{"@context":"https:\/\/schema.org","@graph":[{"@type":"WebPage","@id":"https:\/\/www.medical-aesthetics-nuernberg.de\/en\/praxis\/","url":"https:\/\/www.medical-aesthetics-nuernberg.de\/en\/praxis\/","name":"Praxis & Impressionen unserer Praxis | Medical Aesthetics Xperts","isPartOf":{"@id":"https:\/\/www.medical-aesthetics-nuernberg.de\/en\/#website"},"primaryImageOfPage":{"@id":"https:\/\/www.medical-aesthetics-nuernberg.de\/en\/praxis\/#primaryimage"},"image":{"@id":"https:\/\/www.medical-aesthetics-nuernberg.de\/en\/praxis\/#primaryimage"},"thumbnailUrl":"https:\/\/www.medical-aesthetics-nuernberg.de\/wp-content\/uploads\/2025\/03\/file2022-01-19-17-23-30max_220118_58-jpg-1500x700-1.jpg","datePublished":"2023-09-19T19:31:19+00:00","dateModified":"2025-03-29T07:05:04+00:00","description":"Medical Aesthetics Xperts - Rundgang durch Ihre Praxis f\u00fcr \u00e4sthetische Medizin und Anti-Aging in N\u00fcrnberg Dr. med. Diego Hartinger.","breadcrumb":{"@id":"https:\/\/www.medical-aesthetics-nuernberg.de\/en\/praxis\/#breadcrumb"},"inLanguage":"en-US","potentialAction":[{"@type":"ReadAction","target":["https:\/\/www.medical-aesthetics-nuernberg.de\/en\/praxis\/"]}]},{"@type":"ImageObject","inLanguage":"en-US","@id":"https:\/\/www.medical-aesthetics-nuernberg.de\/en\/praxis\/#primaryimage","url":"https:\/\/www.medical-aesthetics-nuernberg.de\/wp-content\/uploads\/2025\/03\/file2022-01-19-17-23-30max_220118_58-jpg-1500x700-1.jpg","contentUrl":"https:\/\/www.medical-aesthetics-nuernberg.de\/wp-content\/uploads\/2025\/03\/file2022-01-19-17-23-30max_220118_58-jpg-1500x700-1.jpg"},{"@type":"BreadcrumbList","@id":"https:\/\/www.medical-aesthetics-nuernberg.de\/en\/praxis\/#breadcrumb","itemListElement":[{"@type":"ListItem","position":1,"name":"Startseite","item":"https:\/\/www.medical-aesthetics-nuernberg.de\/en\/"},{"@type":"ListItem","position":2,"name":"Praxis"}]},{"@type":"WebSite","@id":"https:\/\/www.medical-aesthetics-nuernberg.de\/en\/#website","url":"https:\/\/www.medical-aesthetics-nuernberg.de\/en\/","name":"Medical Aesthetics Xperts","description":"","publisher":{"@id":"https:\/\/www.medical-aesthetics-nuernberg.de\/en\/#organization"},"potentialAction":[{"@type":"SearchAction","target":{"@type":"EntryPoint","urlTemplate":"https:\/\/www.medical-aesthetics-nuernberg.de\/en\/?s={search_term_string}"},"query-input":{"@type":"PropertyValueSpecification","valueRequired":true,"valueName":"search_term_string"}}],"inLanguage":"en-US"},{"@type":"Organization","@id":"https:\/\/www.medical-aesthetics-nuernberg.de\/en\/#organization","name":"Medical Aesthetics Xperts - Dr. Belmonte Hartinger","url":"https:\/\/www.medical-aesthetics-nuernberg.de\/en\/","logo":{"@type":"ImageObject","inLanguage":"en-US","@id":"https:\/\/www.medical-aesthetics-nuernberg.de\/en\/#\/schema\/logo\/image\/","url":"https:\/\/www.medical-aesthetics-nuernberg.de\/wp-content\/uploads\/2023\/09\/logo-medical-aesthetics-xperts-n.png","contentUrl":"https:\/\/www.medical-aesthetics-nuernberg.de\/wp-content\/uploads\/2023\/09\/logo-medical-aesthetics-xperts-n.png","width":1742,"height":290,"caption":"Medical Aesthetics Xperts - Dr. Belmonte Hartinger"},"image":{"@id":"https:\/\/www.medical-aesthetics-nuernberg.de\/en\/#\/schema\/logo\/image\/"},"sameAs":["https:\/\/www.facebook.com\/max.beauty.nuernberg\/","https:\/\/www.instagram.com\/MAX.BEAUTY.NUERNBERG\/"]}]}},"_links":{"self":[{"href":"https:\/\/www.medical-aesthetics-nuernberg.de\/en\/wp-json\/wp\/v2\/pages\/17","targetHints":{"allow":["GET"]}}],"collection":[{"href":"https:\/\/www.medical-aesthetics-nuernberg.de\/en\/wp-json\/wp\/v2\/pages"}],"about":[{"href":"https:\/\/www.medical-aesthetics-nuernberg.de\/en\/wp-json\/wp\/v2\/types\/page"}],"author":[{"embeddable":true,"href":"https:\/\/www.medical-aesthetics-nuernberg.de\/en\/wp-json\/wp\/v2\/users\/3"}],"replies":[{"embeddable":true,"href":"https:\/\/www.medical-aesthetics-nuernberg.de\/en\/wp-json\/wp\/v2\/comments?post=17"}],"version-history":[{"count":6,"href":"https:\/\/www.medical-aesthetics-nuernberg.de\/en\/wp-json\/wp\/v2\/pages\/17\/revisions"}],"predecessor-version":[{"id":2091,"href":"https:\/\/www.medical-aesthetics-nuernberg.de\/en\/wp-json\/wp\/v2\/pages\/17\/revisions\/2091"}],"wp:attachment":[{"href":"https:\/\/www.medical-aesthetics-nuernberg.de\/en\/wp-json\/wp\/v2\/media?parent=17"}],"curies":[{"name":"wp","href":"https:\/\/api.w.org\/{rel}","templated":true}]}}